{"id":2250,"date":"2024-02-02T18:08:08","date_gmt":"2024-02-02T23:08:08","guid":{"rendered":"https:\/\/idiomas.uniq.edu.pe\/?page_id=2250"},"modified":"2024-02-02T18:09:17","modified_gmt":"2024-02-02T23:09:17","slug":"vision","status":"publish","type":"page","link":"https:\/\/idiomas.uniq.edu.pe\/?page_id=2250","title":{"rendered":"Visi\u00f3n"},"content":{"rendered":"\t\t<div data-elementor-type=\"wp-page\" data-elementor-id=\"2250\" class=\"elementor elementor-2250\" data-elementor-post-type=\"page\">\n\t\t\t\t\t\t<section class=\"elementor-section elementor-top-section elementor-element elementor-element-638d3046 elementor-section-boxed elementor-section-height-default elementor-section-height-default wpr-particle-no wpr-jarallax-no wpr-parallax-no\" data-id=\"638d3046\" data-element_type=\"section\">\n\t\t\t\t\t\t<div class=\"elementor-container elementor-column-gap-default\">\n\t\t\t\t\t<div class=\"elementor-column elementor-col-33 elementor-top-column elementor-element elementor-element-39a53e63\" data-id=\"39a53e63\" data-element_type=\"column\">\n\t\t\t<div class=\"elementor-widget-wrap elementor-element-populated\">\n\t\t\t\t\t\t<div class=\"elementor-element elementor-element-2b88af25 elementor-widget elementor-widget-heading\" data-id=\"2b88af25\" data-element_type=\"widget\" data-widget_type=\"heading.default\">\n\t\t\t\t<div class=\"elementor-widget-container\">\n\t\t\t<style>\/*! elementor - v3.23.0 - 05-08-2024 *\/\n.elementor-heading-title{padding:0;margin:0;line-height:1}.elementor-widget-heading .elementor-heading-title[class*=elementor-size-]>a{color:inherit;font-size:inherit;line-height:inherit}.elementor-widget-heading .elementor-heading-title.elementor-size-small{font-size:15px}.elementor-widget-heading .elementor-heading-title.elementor-size-medium{font-size:19px}.elementor-widget-heading .elementor-heading-title.elementor-size-large{font-size:29px}.elementor-widget-heading .elementor-heading-title.elementor-size-xl{font-size:39px}.elementor-widget-heading .elementor-heading-title.elementor-size-xxl{font-size:59px}<\/style><h2 class=\"elementor-heading-title elementor-size-default\">VISI\u00d3N<\/h2>\t\t<\/div>\n\t\t\t\t<\/div>\n\t\t\t\t<div class=\"elementor-element elementor-element-34b9ec6f elementor-widget-divider--view-line elementor-widget elementor-widget-divider\" data-id=\"34b9ec6f\" data-element_type=\"widget\" data-widget_type=\"divider.default\">\n\t\t\t\t<div class=\"elementor-widget-container\">\n\t\t\t<style>\/*! elementor - v3.23.0 - 05-08-2024 *\/\n.elementor-widget-divider{--divider-border-style:none;--divider-border-width:1px;--divider-color:#0c0d0e;--divider-icon-size:20px;--divider-element-spacing:10px;--divider-pattern-height:24px;--divider-pattern-size:20px;--divider-pattern-url:none;--divider-pattern-repeat:repeat-x}.elementor-widget-divider .elementor-divider{display:flex}.elementor-widget-divider .elementor-divider__text{font-size:15px;line-height:1;max-width:95%}.elementor-widget-divider .elementor-divider__element{margin:0 var(--divider-element-spacing);flex-shrink:0}.elementor-widget-divider .elementor-icon{font-size:var(--divider-icon-size)}.elementor-widget-divider .elementor-divider-separator{display:flex;margin:0;direction:ltr}.elementor-widget-divider--view-line_icon .elementor-divider-separator,.elementor-widget-divider--view-line_text .elementor-divider-separator{align-items:center}.elementor-widget-divider--view-line_icon .elementor-divider-separator:after,.elementor-widget-divider--view-line_icon .elementor-divider-separator:before,.elementor-widget-divider--view-line_text .elementor-divider-separator:after,.elementor-widget-divider--view-line_text .elementor-divider-separator:before{display:block;content:\"\";border-block-end:0;flex-grow:1;border-block-start:var(--divider-border-width) var(--divider-border-style) var(--divider-color)}.elementor-widget-divider--element-align-left .elementor-divider .elementor-divider-separator>.elementor-divider__svg:first-of-type{flex-grow:0;flex-shrink:100}.elementor-widget-divider--element-align-left .elementor-divider-separator:before{content:none}.elementor-widget-divider--element-align-left .elementor-divider__element{margin-left:0}.elementor-widget-divider--element-align-right .elementor-divider .elementor-divider-separator>.elementor-divider__svg:last-of-type{flex-grow:0;flex-shrink:100}.elementor-widget-divider--element-align-right .elementor-divider-separator:after{content:none}.elementor-widget-divider--element-align-right .elementor-divider__element{margin-right:0}.elementor-widget-divider--element-align-start .elementor-divider .elementor-divider-separator>.elementor-divider__svg:first-of-type{flex-grow:0;flex-shrink:100}.elementor-widget-divider--element-align-start .elementor-divider-separator:before{content:none}.elementor-widget-divider--element-align-start .elementor-divider__element{margin-inline-start:0}.elementor-widget-divider--element-align-end .elementor-divider .elementor-divider-separator>.elementor-divider__svg:last-of-type{flex-grow:0;flex-shrink:100}.elementor-widget-divider--element-align-end .elementor-divider-separator:after{content:none}.elementor-widget-divider--element-align-end .elementor-divider__element{margin-inline-end:0}.elementor-widget-divider:not(.elementor-widget-divider--view-line_text):not(.elementor-widget-divider--view-line_icon) .elementor-divider-separator{border-block-start:var(--divider-border-width) var(--divider-border-style) var(--divider-color)}.elementor-widget-divider--separator-type-pattern{--divider-border-style:none}.elementor-widget-divider--separator-type-pattern.elementor-widget-divider--view-line .elementor-divider-separator,.elementor-widget-divider--separator-type-pattern:not(.elementor-widget-divider--view-line) .elementor-divider-separator:after,.elementor-widget-divider--separator-type-pattern:not(.elementor-widget-divider--view-line) .elementor-divider-separator:before,.elementor-widget-divider--separator-type-pattern:not([class*=elementor-widget-divider--view]) .elementor-divider-separator{width:100%;min-height:var(--divider-pattern-height);-webkit-mask-size:var(--divider-pattern-size) 100%;mask-size:var(--divider-pattern-size) 100%;-webkit-mask-repeat:var(--divider-pattern-repeat);mask-repeat:var(--divider-pattern-repeat);background-color:var(--divider-color);-webkit-mask-image:var(--divider-pattern-url);mask-image:var(--divider-pattern-url)}.elementor-widget-divider--no-spacing{--divider-pattern-size:auto}.elementor-widget-divider--bg-round{--divider-pattern-repeat:round}.rtl .elementor-widget-divider .elementor-divider__text{direction:rtl}.e-con-inner>.elementor-widget-divider,.e-con>.elementor-widget-divider{width:var(--container-widget-width,100%);--flex-grow:var(--container-widget-flex-grow)}<\/style>\t\t<div class=\"elementor-divider\">\n\t\t\t<span class=\"elementor-divider-separator\">\n\t\t\t\t\t\t<\/span>\n\t\t<\/div>\n\t\t\t\t<\/div>\n\t\t\t\t<\/div>\n\t\t\t\t<div class=\"elementor-element elementor-element-6e666c95 elementor-widget elementor-widget-text-editor\" data-id=\"6e666c95\" data-element_type=\"widget\" data-widget_type=\"text-editor.default\">\n\t\t\t\t<div class=\"elementor-widget-container\">\n\t\t\t<style>\/*! elementor - v3.23.0 - 05-08-2024 *\/\n.elementor-widget-text-editor.elementor-drop-cap-view-stacked .elementor-drop-cap{background-color:#69727d;color:#fff}.elementor-widget-text-editor.elementor-drop-cap-view-framed .elementor-drop-cap{color:#69727d;border:3px solid;background-color:transparent}.elementor-widget-text-editor:not(.elementor-drop-cap-view-default) .elementor-drop-cap{margin-top:8px}.elementor-widget-text-editor:not(.elementor-drop-cap-view-default) .elementor-drop-cap-letter{width:1em;height:1em}.elementor-widget-text-editor .elementor-drop-cap{float:left;text-align:center;line-height:1;font-size:50px}.elementor-widget-text-editor .elementor-drop-cap-letter{display:inline-block}<\/style>\t\t\t\t<p>Ser una unidad acad\u00e9mica con calidad, competitividad y eficiencia en el proceso de ense\u00f1anza aprendizaje, fortaleciendo las capacidades cognitivas y actitudinales de los estudiantes del centro de Idiomas de la Universidad Nacional Intercultural de Quillabamba.<\/p>\t\t\t\t\t\t<\/div>\n\t\t\t\t<\/div>\n\t\t\t\t\t<\/div>\n\t\t<\/div>\n\t\t\t\t<div class=\"elementor-column elementor-col-33 elementor-top-column elementor-element elementor-element-64982e98\" data-id=\"64982e98\" data-element_type=\"column\">\n\t\t\t<div class=\"elementor-widget-wrap elementor-element-populated\">\n\t\t\t\t\t\t<div class=\"elementor-element elementor-element-12b2d9a8 elementor-widget elementor-widget-image\" data-id=\"12b2d9a8\" data-element_type=\"widget\" data-widget_type=\"image.default\">\n\t\t\t\t<div class=\"elementor-widget-container\">\n\t\t\t<style>\/*! elementor - v3.23.0 - 05-08-2024 *\/\n.elementor-widget-image{text-align:center}.elementor-widget-image a{display:inline-block}.elementor-widget-image a img[src$=\".svg\"]{width:48px}.elementor-widget-image img{vertical-align:middle;display:inline-block}<\/style>\t\t\t\t\t\t\t\t\t\t<img fetchpriority=\"high\" decoding=\"async\" width=\"640\" height=\"427\" src=\"https:\/\/idiomas.uniq.edu.pe\/wp-content\/uploads\/2024\/02\/IMG_9666-1024x683.jpg\" class=\"attachment-large size-large wp-image-1968\" alt=\"\" srcset=\"https:\/\/idiomas.uniq.edu.pe\/wp-content\/uploads\/2024\/02\/IMG_9666-1024x683.jpg 1024w, https:\/\/idiomas.uniq.edu.pe\/wp-content\/uploads\/2024\/02\/IMG_9666-300x200.jpg 300w, https:\/\/idiomas.uniq.edu.pe\/wp-content\/uploads\/2024\/02\/IMG_9666-768x512.jpg 768w, https:\/\/idiomas.uniq.edu.pe\/wp-content\/uploads\/2024\/02\/IMG_9666-1536x1024.jpg 1536w, https:\/\/idiomas.uniq.edu.pe\/wp-content\/uploads\/2024\/02\/IMG_9666-2048x1365.jpg 2048w, https:\/\/idiomas.uniq.edu.pe\/wp-content\/uploads\/2024\/02\/IMG_9666-600x400.jpg 600w\" sizes=\"(max-width: 640px) 100vw, 640px\" \/>\t\t\t\t\t\t\t\t\t\t\t\t\t<\/div>\n\t\t\t\t<\/div>\n\t\t\t\t<div class=\"elementor-element elementor-element-6b80e330 elementor-widget elementor-widget-image\" data-id=\"6b80e330\" data-element_type=\"widget\" data-widget_type=\"image.default\">\n\t\t\t\t<div class=\"elementor-widget-container\">\n\t\t\t\t\t\t\t\t\t\t\t\t\t<img decoding=\"async\" width=\"640\" height=\"427\" src=\"https:\/\/idiomas.uniq.edu.pe\/wp-content\/uploads\/2024\/02\/IMG_9648-1024x683.jpg\" class=\"attachment-large size-large wp-image-1969\" alt=\"\" srcset=\"https:\/\/idiomas.uniq.edu.pe\/wp-content\/uploads\/2024\/02\/IMG_9648-1024x683.jpg 1024w, https:\/\/idiomas.uniq.edu.pe\/wp-content\/uploads\/2024\/02\/IMG_9648-300x200.jpg 300w, https:\/\/idiomas.uniq.edu.pe\/wp-content\/uploads\/2024\/02\/IMG_9648-768x512.jpg 768w, https:\/\/idiomas.uniq.edu.pe\/wp-content\/uploads\/2024\/02\/IMG_9648-1536x1024.jpg 1536w, https:\/\/idiomas.uniq.edu.pe\/wp-content\/uploads\/2024\/02\/IMG_9648-2048x1365.jpg 2048w, https:\/\/idiomas.uniq.edu.pe\/wp-content\/uploads\/2024\/02\/IMG_9648-600x400.jpg 600w\" sizes=\"(max-width: 640px) 100vw, 640px\" \/>\t\t\t\t\t\t\t\t\t\t\t\t\t<\/div>\n\t\t\t\t<\/div>\n\t\t\t\t\t<\/div>\n\t\t<\/div>\n\t\t\t\t<div class=\"elementor-column elementor-col-33 elementor-top-column elementor-element elementor-element-6a3679de\" data-id=\"6a3679de\" data-element_type=\"column\">\n\t\t\t<div class=\"elementor-widget-wrap elementor-element-populated\">\n\t\t\t\t\t\t<div class=\"elementor-element elementor-element-34dd2040 elementor-widget elementor-widget-image\" data-id=\"34dd2040\" data-element_type=\"widget\" data-widget_type=\"image.default\">\n\t\t\t\t<div class=\"elementor-widget-container\">\n\t\t\t\t\t\t\t\t\t\t\t\t\t<img decoding=\"async\" width=\"640\" height=\"427\" src=\"https:\/\/idiomas.uniq.edu.pe\/wp-content\/uploads\/2024\/02\/IMG_9636-1024x683.jpg\" class=\"attachment-large size-large wp-image-1970\" alt=\"\" srcset=\"https:\/\/idiomas.uniq.edu.pe\/wp-content\/uploads\/2024\/02\/IMG_9636-1024x683.jpg 1024w, https:\/\/idiomas.uniq.edu.pe\/wp-content\/uploads\/2024\/02\/IMG_9636-300x200.jpg 300w, https:\/\/idiomas.uniq.edu.pe\/wp-content\/uploads\/2024\/02\/IMG_9636-768x512.jpg 768w, https:\/\/idiomas.uniq.edu.pe\/wp-content\/uploads\/2024\/02\/IMG_9636-1536x1024.jpg 1536w, https:\/\/idiomas.uniq.edu.pe\/wp-content\/uploads\/2024\/02\/IMG_9636-2048x1365.jpg 2048w, https:\/\/idiomas.uniq.edu.pe\/wp-content\/uploads\/2024\/02\/IMG_9636-600x400.jpg 600w\" sizes=\"(max-width: 640px) 100vw, 640px\" \/>\t\t\t\t\t\t\t\t\t\t\t\t\t<\/div>\n\t\t\t\t<\/div>\n\t\t\t\t<div class=\"elementor-element elementor-element-153c3c45 elementor-widget elementor-widget-image\" data-id=\"153c3c45\" data-element_type=\"widget\" data-widget_type=\"image.default\">\n\t\t\t\t<div class=\"elementor-widget-container\">\n\t\t\t\t\t\t\t\t\t\t\t\t\t<img loading=\"lazy\" decoding=\"async\" width=\"640\" height=\"427\" src=\"https:\/\/idiomas.uniq.edu.pe\/wp-content\/uploads\/2024\/02\/IMG_9615-1024x683.jpg\" class=\"attachment-large size-large wp-image-1971\" alt=\"\" srcset=\"https:\/\/idiomas.uniq.edu.pe\/wp-content\/uploads\/2024\/02\/IMG_9615-1024x683.jpg 1024w, https:\/\/idiomas.uniq.edu.pe\/wp-content\/uploads\/2024\/02\/IMG_9615-300x200.jpg 300w, https:\/\/idiomas.uniq.edu.pe\/wp-content\/uploads\/2024\/02\/IMG_9615-768x512.jpg 768w, https:\/\/idiomas.uniq.edu.pe\/wp-content\/uploads\/2024\/02\/IMG_9615-1536x1024.jpg 1536w, https:\/\/idiomas.uniq.edu.pe\/wp-content\/uploads\/2024\/02\/IMG_9615-2048x1365.jpg 2048w, https:\/\/idiomas.uniq.edu.pe\/wp-content\/uploads\/2024\/02\/IMG_9615-600x400.jpg 600w\" sizes=\"(max-width: 640px) 100vw, 640px\" \/>\t\t\t\t\t\t\t\t\t\t\t\t\t<\/div>\n\t\t\t\t<\/div>\n\t\t\t\t\t<\/div>\n\t\t<\/div>\n\t\t\t\t\t<\/div>\n\t\t<\/section>\n\t\t\t\t<\/div>\n\t\t","protected":false},"excerpt":{"rendered":"<p>VISI\u00d3N Ser una unidad acad\u00e9mica con calidad, competitividad y eficiencia en el proceso de ense\u00f1anza aprendizaje, fortaleciendo las capacidades cognitivas y actitudinales de los estudiantes del centro de Idiomas de la Universidad Nacional Intercultural de Quillabamba.<\/p>\n","protected":false},"author":2,"featured_media":0,"parent":0,"menu_order":0,"comment_status":"closed","ping_status":"closed","template":"","meta":{"footnotes":""},"_links":{"self":[{"href":"https:\/\/idiomas.uniq.edu.pe\/index.php?rest_route=\/wp\/v2\/pages\/2250"}],"collection":[{"href":"https:\/\/idiomas.uniq.edu.pe\/index.php?rest_route=\/wp\/v2\/pages"}],"about":[{"href":"https:\/\/idiomas.uniq.edu.pe\/index.php?rest_route=\/wp\/v2\/types\/page"}],"author":[{"embeddable":true,"href":"https:\/\/idiomas.uniq.edu.pe\/index.php?rest_route=\/wp\/v2\/users\/2"}],"replies":[{"embeddable":true,"href":"https:\/\/idiomas.uniq.edu.pe\/index.php?rest_route=%2Fwp%2Fv2%2Fcomments&post=2250"}],"version-history":[{"count":4,"href":"https:\/\/idiomas.uniq.edu.pe\/index.php?rest_route=\/wp\/v2\/pages\/2250\/revisions"}],"predecessor-version":[{"id":2273,"href":"https:\/\/idiomas.uniq.edu.pe\/index.php?rest_route=\/wp\/v2\/pages\/2250\/revisions\/2273"}],"wp:attachment":[{"href":"https:\/\/idiomas.uniq.edu.pe\/index.php?rest_route=%2Fwp%2Fv2%2Fmedia&parent=2250"}],"curies":[{"name":"wp","href":"https:\/\/api.w.org\/{rel}","templated":true}]}}